{"id":169,"date":"2021-08-23T20:29:20","date_gmt":"2021-08-23T18:29:20","guid":{"rendered":"https:\/\/atomic-temporary-196724269.wpcomstaging.com\/?page_id=169"},"modified":"2023-10-17T18:32:59","modified_gmt":"2023-10-17T16:32:59","slug":"rgpd","status":"publish","type":"page","link":"https:\/\/chapellesaintmartindecornas.fr\/index.php\/rgpd\/","title":{"rendered":"RGPD"},"content":{"rendered":"\n<p>Conform\u00e9ment aux dispositions de la loi n\u00b0 2004-575 du 21 juin 2004 pour la confiance en l\u2019\u00e9conomie num\u00e9rique, il est pr\u00e9cis\u00e9 aux utilisateurs du site&nbsp;<a href=\"https:\/\/saintmartindecornas.wordpress.com\/\">chapellesaintmartindecornas.fr<\/a>&nbsp;l\u2019identit\u00e9 des diff\u00e9rents intervenants dans le cadre de sa r\u00e9alisation et de son suivi.<\/p>\n\n\n\n<h3 class=\"wp-block-heading\">Responsable de publication<\/h3>\n\n\n\n<p>Michel LOPEZ<\/p>\n\n\n\n<h3 class=\"wp-block-heading\">H\u00e9bergeur<\/h3>\n\n\n\n<p>Le site\u00a0<a href=\"http:\/\/saintmartindecornas.wordpress.com\"><\/a><a href=\"https:\/\/saintmartindecornas.wordpress.com\/\">chapellesaintmartindecornas.fr<\/a>  est h\u00e9berg\u00e9 par HOSTINGER.<\/p>\n\n\n\n<p><\/p>\n\n\n\n<p>Le stockage des donn\u00e9es personnelles des Utilisateurs est exclusivement r\u00e9alis\u00e9 sur les centre de donn\u00e9es (\u201cclusters\u201d) localis\u00e9s dans des Etats membres de l\u2019Union Europ\u00e9enne.<\/p>\n\n\n\n<h3 class=\"wp-block-heading\">Nous contacter<\/h3>\n\n\n\n<ul>\n<li>Par email :&nbsp;<a href=\"mailto:support@legalplace.fr\">chapellesaintmartindecornas@gmail.com<\/a><\/li>\n<\/ul>\n\n\n\n<h3 class=\"wp-block-heading\">CNIL<\/h3>\n\n\n\n<p>La soci\u00e9t\u00e9 LegalPlace conservera dans ses syst\u00e8mes informatiques et dans des conditions raisonnables de s\u00e9curit\u00e9 une preuve de la transaction comprenant le bon de commande et la facture.<\/p>\n\n\n\n<p>Conform\u00e9ment aux dispositions de la loi 78-17 du 6 janvier 1978 modifi\u00e9e, l\u2019Utilisateur dispose d\u2019un droit d\u2019acc\u00e8s, de modification et de suppression des informations collect\u00e9es par ce site. Pour exercer ce droit, il reviendra \u00e0 l\u2019Utilisateur d\u2019envoyer un message \u00e0 l\u2019adresse suivante :&nbsp;<a href=\"mailto:support@legalplace.fr\">chapellesaintmartindecornas@gmail.com<\/a><\/p>\n","protected":false},"excerpt":{"rendered":"<p>Conform\u00e9ment aux dispositions de la loi n\u00b0 2004-575 du 21 juin 2004 pour la confiance en l\u2019\u00e9conomie num\u00e9rique, il est pr\u00e9cis\u00e9 aux utilisateurs du site&nbsp;chapellesaintmartindecornas.fr&nbsp;l\u2019identit\u00e9 des diff\u00e9rents intervenants dans le cadre de sa r\u00e9alisation et de son suivi. Responsable de publication Michel LOPEZ H\u00e9bergeur Le site\u00a0chapellesaintmartindecornas.fr est h\u00e9berg\u00e9 par HOSTINGER. Le stockage des donn\u00e9es personnelles&hellip;&nbsp;<a href=\"https:\/\/chapellesaintmartindecornas.fr\/index.php\/rgpd\/\" class=\"\" rel=\"bookmark\">Read More &raquo;<span class=\"screen-reader-text\">RGPD<\/span><\/a><\/p>\n","protected":false},"author":2,"featured_media":0,"parent":0,"menu_order":0,"comment_status":"closed","ping_status":"closed","template":"","meta":{"neve_meta_sidebar":"","neve_meta_container":"","neve_meta_enable_content_width":"","neve_meta_content_width":0,"neve_meta_title_alignment":"","neve_meta_author_avatar":"","neve_post_elements_order":"","neve_meta_disable_header":"","neve_meta_disable_footer":"","neve_meta_disable_title":"","footnotes":""},"_links":{"self":[{"href":"https:\/\/chapellesaintmartindecornas.fr\/index.php\/wp-json\/wp\/v2\/pages\/169"}],"collection":[{"href":"https:\/\/chapellesaintmartindecornas.fr\/index.php\/wp-json\/wp\/v2\/pages"}],"about":[{"href":"https:\/\/chapellesaintmartindecornas.fr\/index.php\/wp-json\/wp\/v2\/types\/page"}],"author":[{"embeddable":true,"href":"https:\/\/chapellesaintmartindecornas.fr\/index.php\/wp-json\/wp\/v2\/users\/2"}],"replies":[{"embeddable":true,"href":"https:\/\/chapellesaintmartindecornas.fr\/index.php\/wp-json\/wp\/v2\/comments?post=169"}],"version-history":[{"count":1,"href":"https:\/\/chapellesaintmartindecornas.fr\/index.php\/wp-json\/wp\/v2\/pages\/169\/revisions"}],"predecessor-version":[{"id":761,"href":"https:\/\/chapellesaintmartindecornas.fr\/index.php\/wp-json\/wp\/v2\/pages\/169\/revisions\/761"}],"wp:attachment":[{"href":"https:\/\/chapellesaintmartindecornas.fr\/index.php\/wp-json\/wp\/v2\/media?parent=169"}],"curies":[{"name":"wp","href":"https:\/\/api.w.org\/{rel}","templated":true}]}}