{"id":331,"date":"2022-03-12T11:16:09","date_gmt":"2022-03-12T10:16:09","guid":{"rendered":"https:\/\/atomic-temporary-196724269.wpcomstaging.com\/?page_id=331"},"modified":"2026-02-11T13:18:05","modified_gmt":"2026-02-11T12:18:05","slug":"brocante","status":"publish","type":"page","link":"https:\/\/chapellesaintmartindecornas.fr\/index.php\/brocante\/","title":{"rendered":"Brocante"},"content":{"rendered":"\n<p>Formulaire de r\u00e9servation exposants<\/p>\n\n\n\n<p><\/p>\n\n\n<style id=\"wpforms-css-vars-root\">\n\t\t\t\t:root {\n\t\t\t\t\t--wpforms-field-border-radius: 3px;\n--wpforms-field-background-color: #ffffff;\n--wpforms-field-border-color: rgba( 0, 0, 0, 0.25 );\n--wpforms-field-text-color: rgba( 0, 0, 0, 0.7 );\n--wpforms-label-color: rgba( 0, 0, 0, 0.85 );\n--wpforms-label-sublabel-color: rgba( 0, 0, 0, 0.55 );\n--wpforms-label-error-color: #d63637;\n--wpforms-button-border-radius: 3px;\n--wpforms-button-background-color: #066aab;\n--wpforms-button-text-color: #ffffff;\n--wpforms-field-size-input-height: 43px;\n--wpforms-field-size-input-spacing: 15px;\n--wpforms-field-size-font-size: 16px;\n--wpforms-field-size-line-height: 19px;\n--wpforms-field-size-padding-h: 14px;\n--wpforms-field-size-checkbox-size: 16px;\n--wpforms-field-size-sublabel-spacing: 5px;\n--wpforms-field-size-icon-size: 1;\n--wpforms-label-size-font-size: 16px;\n--wpforms-label-size-line-height: 19px;\n--wpforms-label-size-sublabel-font-size: 14px;\n--wpforms-label-size-sublabel-line-height: 17px;\n--wpforms-button-size-font-size: 17px;\n--wpforms-button-size-height: 41px;\n--wpforms-button-size-padding-h: 15px;\n--wpforms-button-size-margin-top: 10px;\n\n\t\t\t\t}\n\t\t\t<\/style><style id=\"wpforms-css-vars-882-block-3f6bcdbf-4864-4a21-84ef-f6c1fb300aef\">\n\t\t\t\t#wpforms-882.wpforms-block-3f6bcdbf-4864-4a21-84ef-f6c1fb300aef {\n\t\t\t\t\t--wpforms-field-size-input-height: 31px;\n--wpforms-field-size-input-spacing: 10px;\n--wpforms-field-size-font-size: 14px;\n--wpforms-field-size-line-height: 17px;\n--wpforms-field-size-padding-h: 9px;\n--wpforms-field-size-checkbox-size: 14px;\n--wpforms-field-size-sublabel-spacing: 5px;\n--wpforms-field-size-icon-size: 0.75;\n--wpforms-label-size-font-size: 14px;\n--wpforms-label-size-line-height: 17px;\n--wpforms-label-size-sublabel-font-size: 13px;\n--wpforms-label-size-sublabel-line-height: 16px;\n--wpforms-button-size-font-size: 14px;\n--wpforms-button-size-height: 37px;\n--wpforms-button-size-padding-h: 15px;\n--wpforms-button-size-margin-top: 5px;\n\n\t\t\t\t}\n\t\t\t<\/style><div class=\"wpforms-container wpforms-container-full wpforms-block wpforms-block-3f6bcdbf-4864-4a21-84ef-f6c1fb300aef wpforms-render-modern\" id=\"wpforms-882\"><form id=\"wpforms-form-882\" class=\"wpforms-validate wpforms-form wpforms-ajax-form\" data-formid=\"882\" method=\"post\" enctype=\"multipart\/form-data\" action=\"\/index.php\/wp-json\/wp\/v2\/pages\/331\" data-token=\"2aaf53ff41ad294d05b97e5fcd538b37\"><noscript class=\"wpforms-error-noscript\">Please enable JavaScript in your browser to complete this form.<\/noscript><div class=\"wpforms-hidden\" id=\"wpforms-error-noscript\">Please enable JavaScript in your browser to complete this form.<\/div><div class=\"wpforms-field-container\"><div id=\"wpforms-882-field_1-container\" class=\"wpforms-field wpforms-field-name\" data-field-id=\"1\"><fieldset><legend class=\"wpforms-field-label\">Pr\u00e9nom NOM <span class=\"wpforms-required-label\" aria-hidden=\"true\">*<\/span><\/legend><div class=\"wpforms-field-row wpforms-field-medium\"><div class=\"wpforms-field-row-block wpforms-first wpforms-one-half\"><input type=\"text\" id=\"wpforms-882-field_1\" class=\"wpforms-field-name-first wpforms-field-required\" name=\"wpforms[fields][1][first]\" aria-errormessage=\"wpforms-882-field_1-error\" required><label for=\"wpforms-882-field_1\" class=\"wpforms-field-sublabel after \">First<\/label><\/div><div class=\"wpforms-field-row-block wpforms-one-half\"><input type=\"text\" id=\"wpforms-882-field_1-last\" class=\"wpforms-field-name-last wpforms-field-required\" name=\"wpforms[fields][1][last]\" aria-errormessage=\"wpforms-882-field_1-last-error\" required><label for=\"wpforms-882-field_1-last\" class=\"wpforms-field-sublabel after \">Last<\/label><\/div><\/div><\/fieldset><\/div><div id=\"wpforms-882-field_2-container\" class=\"wpforms-field wpforms-field-email\" data-field-id=\"2\"><label class=\"wpforms-field-label\" for=\"wpforms-882-field_2\">Email <span class=\"wpforms-required-label\" aria-hidden=\"true\">*<\/span><\/label><input type=\"email\" id=\"wpforms-882-field_2\" class=\"wpforms-field-medium wpforms-field-required\" name=\"wpforms[fields][2]\" spellcheck=\"false\" aria-errormessage=\"wpforms-882-field_2-error\" required><\/div><div id=\"wpforms-882-field_7-container\" class=\"wpforms-field wpforms-field-number\" data-field-id=\"7\"><label class=\"wpforms-field-label\" for=\"wpforms-882-field_7\">T\u00e9l\u00e9phone <span class=\"wpforms-required-label\" aria-hidden=\"true\">*<\/span><\/label><input type=\"number\" pattern=\"\\d*\" id=\"wpforms-882-field_7\" class=\"wpforms-field-medium wpforms-field-required\" name=\"wpforms[fields][7]\" aria-errormessage=\"wpforms-882-field_7-error\" required><\/div><div id=\"wpforms-882-field_13-container\" class=\"wpforms-field wpforms-field-select wpforms-field-select-style-modern\" data-field-id=\"13\"><label class=\"wpforms-field-label\" for=\"wpforms-882-field_13\">Nombres de m\u00e8tres souhait\u00e9s (minimum 3m \u00e0 10euros, puis 3euros le m\u00e8tre suppl\u00e9mentaire) <span class=\"wpforms-required-label\" aria-hidden=\"true\">*<\/span><\/label><select id=\"wpforms-882-field_13\" class=\"wpforms-field-small wpforms-field-required choicesjs-select\" data-size-class=\"wpforms-field-row wpforms-field-small\" data-search-enabled=\"1\" name=\"wpforms[fields][13]\" required=\"required\"><option value=\"\" class=\"placeholder\" disabled  selected='selected'>3m<\/option><option value=\"3m\" >3m<\/option><option value=\"4m\" >4m<\/option><option value=\"5m\" >5m<\/option><option value=\"6m\" >6m<\/option><option value=\"7m\" >7m<\/option><option value=\"8m\" >8m<\/option><option value=\"9m\" >9m<\/option><option value=\"10m\" >10m<\/option><\/select><\/div><div id=\"wpforms-882-field_6-container\" class=\"wpforms-field wpforms-field-textarea\" data-field-id=\"6\"><label class=\"wpforms-field-label\" for=\"wpforms-882-field_6\">Commentaires<\/label><textarea id=\"wpforms-882-field_6\" class=\"wpforms-field-small\" name=\"wpforms[fields][6]\" aria-errormessage=\"wpforms-882-field_6-error\" ><\/textarea><\/div><\/div><!-- .wpforms-field-container --><div class=\"wpforms-submit-container\" ><input type=\"hidden\" name=\"wpforms[id]\" value=\"882\"><input type=\"hidden\" name=\"wpforms[author]\" value=\"2\"><button type=\"submit\" name=\"wpforms[submit]\" id=\"wpforms-submit-882\" class=\"wpforms-submit\" data-alt-text=\"R\u00e9servation en cours\" data-submit-text=\"R\u00e9server\" aria-live=\"assertive\" value=\"wpforms-submit\">R\u00e9server<\/button><img loading=\"lazy\" decoding=\"async\" src=\"https:\/\/chapellesaintmartindecornas.fr\/wp-content\/plugins\/wpforms-lite\/assets\/images\/submit-spin.svg\" class=\"wpforms-submit-spinner\" style=\"display: none;\" width=\"26\" height=\"26\" alt=\"Loading\"><\/div><\/form><\/div>  <!-- .wpforms-container -->\n\n\n<figure class=\"wp-block-image size-large is-resized\"><img loading=\"lazy\" decoding=\"async\" width=\"1024\" height=\"1024\" src=\"https:\/\/chapellesaintmartindecornas.fr\/wp-content\/uploads\/2026\/02\/Brocante-1024x1024.png\" alt=\"\" class=\"wp-image-997\" style=\"width:531px;height:auto\" srcset=\"https:\/\/chapellesaintmartindecornas.fr\/wp-content\/uploads\/2026\/02\/Brocante-1024x1024.png 1024w, https:\/\/chapellesaintmartindecornas.fr\/wp-content\/uploads\/2026\/02\/Brocante-300x300.png 300w, https:\/\/chapellesaintmartindecornas.fr\/wp-content\/uploads\/2026\/02\/Brocante-150x150.png 150w, https:\/\/chapellesaintmartindecornas.fr\/wp-content\/uploads\/2026\/02\/Brocante-768x768.png 768w, https:\/\/chapellesaintmartindecornas.fr\/wp-content\/uploads\/2026\/02\/Brocante-500x500.png 500w, https:\/\/chapellesaintmartindecornas.fr\/wp-content\/uploads\/2026\/02\/Brocante-800x800.png 800w, https:\/\/chapellesaintmartindecornas.fr\/wp-content\/uploads\/2026\/02\/Brocante.png 1080w\" sizes=\"(max-width: 1024px) 100vw, 1024px\" \/><\/figure>\n\n\n\n<figure class=\"wp-block-gallery has-nested-images columns-default is-cropped wp-block-gallery-1 is-layout-flex wp-block-gallery-is-layout-flex\">\n<figure class=\"wp-block-image size-large\"><img loading=\"lazy\" decoding=\"async\" width=\"751\" height=\"1024\" data-id=\"968\" src=\"https:\/\/chapellesaintmartindecornas.fr\/wp-content\/uploads\/2025\/03\/D52D78A0-057E-4AFD-9DF0-F860743BD87B-751x1024.jpeg\" alt=\"\" class=\"wp-image-968\" srcset=\"https:\/\/chapellesaintmartindecornas.fr\/wp-content\/uploads\/2025\/03\/D52D78A0-057E-4AFD-9DF0-F860743BD87B-751x1024.jpeg 751w, https:\/\/chapellesaintmartindecornas.fr\/wp-content\/uploads\/2025\/03\/D52D78A0-057E-4AFD-9DF0-F860743BD87B-220x300.jpeg 220w, https:\/\/chapellesaintmartindecornas.fr\/wp-content\/uploads\/2025\/03\/D52D78A0-057E-4AFD-9DF0-F860743BD87B-768x1047.jpeg 768w, https:\/\/chapellesaintmartindecornas.fr\/wp-content\/uploads\/2025\/03\/D52D78A0-057E-4AFD-9DF0-F860743BD87B-1126x1536.jpeg 1126w, https:\/\/chapellesaintmartindecornas.fr\/wp-content\/uploads\/2025\/03\/D52D78A0-057E-4AFD-9DF0-F860743BD87B-1502x2048.jpeg 1502w, https:\/\/chapellesaintmartindecornas.fr\/wp-content\/uploads\/2025\/03\/D52D78A0-057E-4AFD-9DF0-F860743BD87B-500x682.jpeg 500w, https:\/\/chapellesaintmartindecornas.fr\/wp-content\/uploads\/2025\/03\/D52D78A0-057E-4AFD-9DF0-F860743BD87B-800x1091.jpeg 800w, https:\/\/chapellesaintmartindecornas.fr\/wp-content\/uploads\/2025\/03\/D52D78A0-057E-4AFD-9DF0-F860743BD87B-1280x1746.jpeg 1280w, https:\/\/chapellesaintmartindecornas.fr\/wp-content\/uploads\/2025\/03\/D52D78A0-057E-4AFD-9DF0-F860743BD87B-1920x2618.jpeg 1920w, https:\/\/chapellesaintmartindecornas.fr\/wp-content\/uploads\/2025\/03\/D52D78A0-057E-4AFD-9DF0-F860743BD87B-scaled.jpeg 1877w\" sizes=\"(max-width: 751px) 100vw, 751px\" \/><\/figure>\n<\/figure>\n","protected":false},"excerpt":{"rendered":"<p>Formulaire de r\u00e9servation exposants<\/p>\n","protected":false},"author":2,"featured_media":0,"parent":0,"menu_order":0,"comment_status":"closed","ping_status":"closed","template":"","meta":{"neve_meta_sidebar":"","neve_meta_container":"","neve_meta_enable_content_width":"","neve_meta_content_width":0,"neve_meta_title_alignment":"","neve_meta_author_avatar":"","neve_post_elements_order":"","neve_meta_disable_header":"","neve_meta_disable_footer":"","neve_meta_disable_title":"","footnotes":""},"_links":{"self":[{"href":"https:\/\/chapellesaintmartindecornas.fr\/index.php\/wp-json\/wp\/v2\/pages\/331"}],"collection":[{"href":"https:\/\/chapellesaintmartindecornas.fr\/index.php\/wp-json\/wp\/v2\/pages"}],"about":[{"href":"https:\/\/chapellesaintmartindecornas.fr\/index.php\/wp-json\/wp\/v2\/types\/page"}],"author":[{"embeddable":true,"href":"https:\/\/chapellesaintmartindecornas.fr\/index.php\/wp-json\/wp\/v2\/users\/2"}],"replies":[{"embeddable":true,"href":"https:\/\/chapellesaintmartindecornas.fr\/index.php\/wp-json\/wp\/v2\/comments?post=331"}],"version-history":[{"count":8,"href":"https:\/\/chapellesaintmartindecornas.fr\/index.php\/wp-json\/wp\/v2\/pages\/331\/revisions"}],"predecessor-version":[{"id":999,"href":"https:\/\/chapellesaintmartindecornas.fr\/index.php\/wp-json\/wp\/v2\/pages\/331\/revisions\/999"}],"wp:attachment":[{"href":"https:\/\/chapellesaintmartindecornas.fr\/index.php\/wp-json\/wp\/v2\/media?parent=331"}],"curies":[{"name":"wp","href":"https:\/\/api.w.org\/{rel}","templated":true}]}}