{"id":700,"date":"2021-08-19T13:32:32","date_gmt":"2021-08-19T12:32:32","guid":{"rendered":"https:\/\/atomic-temporary-196724269.wpcomstaging.com\/?page_id=9"},"modified":"2023-10-18T16:11:31","modified_gmt":"2023-10-18T14:11:31","slug":"about-2","status":"publish","type":"page","link":"https:\/\/chapellesaintmartindecornas.fr\/index.php\/about-2\/","title":{"rendered":"L&#8217;Histoire"},"content":{"rendered":"\n<div style=\"height:20px\" aria-hidden=\"true\" class=\"wp-block-spacer\"><\/div>\n\n\n\n<div class=\"wp-block-group alignfull is-layout-flow wp-block-group-is-layout-flow\"><div class=\"wp-block-group__inner-container\">\n<div class=\"wp-block-jetpack-layout-grid alignfull column1-desktop-grid__span-3 column1-desktop-grid__start-2 column1-desktop-grid__row-1 column2-desktop-grid__span-6 column2-desktop-grid__start-6 column2-desktop-grid__row-1 column1-tablet-grid__span-3 column1-tablet-grid__row-1 column2-tablet-grid__span-5 column2-tablet-grid__start-4 column2-tablet-grid__row-1 column1-mobile-grid__span-4 column1-mobile-grid__row-1 column2-mobile-grid__span-4 column2-mobile-grid__row-2\">\n<div class=\"wp-block-jetpack-layout-grid-column wp-block-jetpack-layout-grid__padding-none\">\n<figure class=\"wp-block-image size-full\"><img loading=\"lazy\" decoding=\"async\" width=\"300\" height=\"400\" src=\"https:\/\/chapellesaintmartindecornas.fr\/wp-content\/uploads\/2023\/10\/porte-arri\u00bfre-de-la-chapelle-1.jpg\" alt=\"\" class=\"wp-image-804\" srcset=\"https:\/\/chapellesaintmartindecornas.fr\/wp-content\/uploads\/2023\/10\/porte-arri\u00bfre-de-la-chapelle-1.jpg 300w, https:\/\/chapellesaintmartindecornas.fr\/wp-content\/uploads\/2023\/10\/porte-arri\u00bfre-de-la-chapelle-1-225x300.jpg 225w\" sizes=\"(max-width: 300px) 100vw, 300px\" \/><\/figure>\n<\/div>\n\n\n\n<div class=\"wp-block-jetpack-layout-grid-column wp-block-jetpack-layout-grid__padding-none\">\n<p><strong>Saint Martin de Cornas et sa chapelle<\/strong><\/p>\n\n\n\n<p>Saint Martin de Cornas, avec sa chapelle qui surplombe la vall\u00e9e encaiss\u00e9e du Gier, fut une commune rurale, de 355ha, \u00e0 l&#8217;habitat tr\u00e8s dispers\u00e9. Sans doute une difficult\u00e9 pour ceux qui peupl\u00e8rent son territoire.<\/p>\n\n\n\n<figure class=\"wp-block-image size-full\"><img loading=\"lazy\" decoding=\"async\" width=\"1024\" height=\"710\" src=\"https:\/\/chapellesaintmartindecornas.fr\/wp-content\/uploads\/2023\/10\/1.webp\" alt=\"\" class=\"wp-image-813\" srcset=\"https:\/\/chapellesaintmartindecornas.fr\/wp-content\/uploads\/2023\/10\/1.webp 1024w, https:\/\/chapellesaintmartindecornas.fr\/wp-content\/uploads\/2023\/10\/1-300x208.webp 300w, https:\/\/chapellesaintmartindecornas.fr\/wp-content\/uploads\/2023\/10\/1-768x533.webp 768w\" sizes=\"(max-width: 1024px) 100vw, 1024px\" \/><\/figure>\n\n\n\n<p>Dans le d\u00e9nombrement de la population des villages de l&#8217;\u00e9lection du Lyonnais, r\u00e9alis\u00e9 en 1480, Chassanieu et Cornas comptent 25 feux, 150 habitants sont recens\u00e9s en 1850, 96 en 1946 , 94 en 1962\u2026 limit\u00e9e d&#8217;est en ouest par les territoires de Givors, Chassagny, St And\u00e9ol, Echalas, St Romain en Gier au sud, cette commune connut, apr\u00e8s la seconde guerre mondiale, de grandes difficult\u00e9s pour entrer dans l&#8217;\u00e8re de la modernisation.<\/p>\n\n\n\n<p><strong>Historique<\/strong><\/p>\n\n\n\n<p>On trouve les traces \u00e9crites de l&#8217;existence de saint martin de cornas dans le cartulaire de Savigny, charte N\u00b0 129 :&nbsp;\u00ab&nbsp;Enl&#8217;an 901, l&#8217;\u00e9glise de Cornaco, en l&#8217;honneur de Sancti Martini, appartient \u00e0 l&#8217;ob\u00e9dience de Mornant.&nbsp;\u00bb<\/p>\n\n\n\n<p>Au XI\u00b0 si\u00e8cle, l&#8217;\u00e9glise de saint martin de cornas fait partie du dioc\u00e8se de Lyon, de l&#8217;archipr\u00eatr\u00e9 du Jarez .<\/p>\n\n\n\n<p>En 1220, un accord pass\u00e9 entre le chapitre de Lyon et Arthaud de Roussillon, donne \u00e0 celui-ci le droit de fortification \u00e0 Saint Martin de Cornas. A la fin du XIII\u00b0 si\u00e8cle, un accord pass\u00e9 entre les comtes de Lyon et du Forez, et l&#8217;archev\u00eaque de Lyon, place Saint Martin de Cornas sous la suzerainet\u00e9 de l&#8217;\u00e9glise de Lyon.<\/p>\n\n\n\n<p>En 1385, la charte 146 du cartulaire des fiefs du dioc\u00e8se de Lyon, cite que le fief d&#8217;Etienne Cluyen, damoiseau, jouit du droit de rentes \u00e0 St. And\u00e9ol, Givors, Cornat, Echalas.<\/p>\n\n\n\n<p>En 1742, par suite de la division de l&#8217;archipr\u00eatr\u00e9 du Jarez en deux, Saint Martin de Cornas fera partie de l&#8217;archipr\u00eatr\u00e9 de Mornant jusqu&#8217;\u00e0 la r\u00e9volution fran\u00e7aise.<\/p>\n\n\n\n<p>En 1755, le chapitre de Lyon r\u00e9clame haute, moyenne et basse justice sur Saint Martin de Cornas.<\/p>\n\n\n\n<p>En 1789, monsieur de la Verpilli\u00e8re, major de Lyon, poss\u00e9dait le clocher de Saint Martin de Cornas.<\/p>\n\n\n\n<p>Rattach\u00e9e apr\u00e8s la r\u00e9volution, \u00e0 Chassagny pour le culte puis \u00e0 saint And\u00e9ol, la chapelle est rest\u00e9e, jusqu&#8217;\u00e0 sa r\u00e9cente d\u00e9saffectation, un lieu reconnu de p\u00e8lerinage \u00e0 Saint Lazare, ainsi qu&#8217;\u00e0 Saint Martin .<\/p>\n\n\n\n<p><strong>Le p\u00e8lerinage<\/strong><\/p>\n\n\n\n<p>Les moines b\u00e9n\u00e9dictins, au d\u00e9but du VI\u00b0si\u00e8cle, ont christianis\u00e9 les paysans gallo-romains entre Rh\u00f4ne et Gier. Ils furent massacr\u00e9s par les Sarrasins. Les survivants construisirent le couvent de Cluzel sur le territoire de Ssaint Martin de Cornas.<\/p>\n\n\n\n<p>Une chapelle \u00e9difi\u00e9e sur cette propri\u00e9t\u00e9, en bordure du Gier, portait le titre de saint Lazare. A la suite de plusieurs p\u00e9rip\u00e9ties, dont des inondations qui emport\u00e8rent la chapelle, la statue de Saint Lazare fut transport\u00e9e dans la chapelle de Saint Martin de Cornas.<\/p>\n\n\n\n<p>C&#8217;est ainsi que celle-ci, devint un lieu de p\u00e8lerinage entretenu par la d\u00e9votion \u00e0 Saint Lazare, patron de la vall\u00e9e du Gier. Les p\u00e8lerins n&#8217;ont cess\u00e9 d&#8217;affluer au cours des ann\u00e9es pour implorer qui, une gu\u00e9rison, qui la marche d&#8217;un enfant. Encore aujourd&#8217;hui, des parents en d\u00e9tresse peuvent venir frapper \u00e0 la porte.<\/p>\n\n\n\n<figure class=\"wp-block-image size-large\"><img loading=\"lazy\" decoding=\"async\" width=\"1024\" height=\"656\" src=\"https:\/\/chapellesaintmartindecornas.fr\/wp-content\/uploads\/2023\/10\/chapelle-debut-du-siecle-1024x656.jpg\" alt=\"\" class=\"wp-image-770\" srcset=\"https:\/\/chapellesaintmartindecornas.fr\/wp-content\/uploads\/2023\/10\/chapelle-debut-du-siecle-1024x656.jpg 1024w, https:\/\/chapellesaintmartindecornas.fr\/wp-content\/uploads\/2023\/10\/chapelle-debut-du-siecle-300x192.jpg 300w, https:\/\/chapellesaintmartindecornas.fr\/wp-content\/uploads\/2023\/10\/chapelle-debut-du-siecle-768x492.jpg 768w, https:\/\/chapellesaintmartindecornas.fr\/wp-content\/uploads\/2023\/10\/chapelle-debut-du-siecle-1536x983.jpg 1536w, https:\/\/chapellesaintmartindecornas.fr\/wp-content\/uploads\/2023\/10\/chapelle-debut-du-siecle.jpg 1623w\" sizes=\"(max-width: 1024px) 100vw, 1024px\" \/><\/figure>\n\n\n\n<p><strong>Un patrimoine sauvegard\u00e9<\/strong><\/p>\n\n\n\n<p>En 1964, la commune de saint Martin de Cornas apr\u00e8s quelques \u00e9pisodes conflictuels, entre la municipalit\u00e9 de l&#8217;\u00e9poque et un \u00ab&nbsp;comit\u00e8 \u00ab&nbsp; de citoyens qui r\u00e9clamait des chemins carrossables, l&#8217;eau courante et l&#8217;\u00e9lectricit\u00e9 perd son ind\u00e9pendance, et est rattach\u00e9e \u00e0 celle de Givors, son \u00e9cole ferme en 1978 et dans les ann\u00e9es 80, la chapelle se trouve menac\u00e9e d&#8217;abandon.<\/p>\n\n\n\n<p>En 1986, d\u00e9saffect\u00e9e, elle est vendue par la commune de Givors, avec l&#8217;ensemble du site, c&#8217;est \u00e0 dire l&#8217;\u00e9cole, l&#8217;ancienne mairie : 2 corps de b\u00e2timents qui se font face, s\u00e9par\u00e9s par un \u00e9troit passage.<\/p>\n\n\n\n<figure class=\"wp-block-gallery has-nested-images columns-default is-cropped wp-block-gallery-1 is-layout-flex wp-block-gallery-is-layout-flex\">\n<figure class=\"wp-block-image size-full\"><img loading=\"lazy\" decoding=\"async\" width=\"918\" height=\"933\" src=\"https:\/\/chapellesaintmartindecornas.fr\/wp-content\/uploads\/2023\/10\/3.webp\" alt=\"\" class=\"wp-image-815\" srcset=\"https:\/\/chapellesaintmartindecornas.fr\/wp-content\/uploads\/2023\/10\/3.webp 918w, https:\/\/chapellesaintmartindecornas.fr\/wp-content\/uploads\/2023\/10\/3-295x300.webp 295w, https:\/\/chapellesaintmartindecornas.fr\/wp-content\/uploads\/2023\/10\/3-768x781.webp 768w\" sizes=\"(max-width: 918px) 100vw, 918px\" \/><\/figure>\n<\/figure>\n\n\n\n<figure class=\"wp-block-image size-full\"><img loading=\"lazy\" decoding=\"async\" width=\"1024\" height=\"687\" src=\"https:\/\/chapellesaintmartindecornas.fr\/wp-content\/uploads\/2023\/10\/4.webp\" alt=\"\" class=\"wp-image-816\" srcset=\"https:\/\/chapellesaintmartindecornas.fr\/wp-content\/uploads\/2023\/10\/4.webp 1024w, https:\/\/chapellesaintmartindecornas.fr\/wp-content\/uploads\/2023\/10\/4-300x201.webp 300w, https:\/\/chapellesaintmartindecornas.fr\/wp-content\/uploads\/2023\/10\/4-768x515.webp 768w\" sizes=\"(max-width: 1024px) 100vw, 1024px\" \/><\/figure>\n\n\n\n<p>D\u00e9s la connaissance des faits, un d\u00e9sir ardent de sauver et conserver ce patrimoine dans la communaut\u00e9, conduit \u00e0 la constitution de l&#8217;association de sauvegarde et restauration du site de saint martin de cornas soutenue par ses adh\u00e9rents, des habitants, des historiens, l&#8217;association de d\u00e9fense de l&#8217;environnement and\u00e9olais.<\/p>\n\n\n\n<p>Elle s&#8217;interpose et bloque le processus. Le compromis de vente sera rompu et en 1988 une convention sign\u00e9e entre la ville de Givors et l&#8217;association, confie \u00e0 cette derni\u00e8re la gestion et la restauration des locaux.<\/p>\n\n\n\n<p>La chapelle, rattach\u00e9e au circuit des chapelles et \u00e9glises romanes en monts et c\u00f4teaux du lyonnais, initi\u00e9 par l&#8217;association de promotion rurale des arts et de la culture, op\u00e9re sa transformation.<\/p>\n\n\n\n<p>Cinq chantiers internationaux vont se succ\u00e9der de 1989 \u00e0 1992. Cette jeunesse venue des \u00e9tats unis, d&#8217;union sovi\u00e9tique, de Pologne, de Tch\u00e9coslovaquie, de Hongrie, du Maroc, d&#8217;Espagne, d&#8217;Allemagne, du Danemark va assurer avec les b\u00e9n\u00e9voles :<\/p>\n\n\n\n<p>La mise en pierres apparentes et leur jointoiement, des murs de la chapelle.<\/p>\n\n\n\n<p>Le d\u00e9gagement de l&#8217;ancien cimeti\u00e8re, devenu au cours des \u00e2ges, le jardin de l&#8217;instituteur, puis la cour de r\u00e9cr\u00e9ation.<\/p>\n\n\n\n<p>La mise en pierres apparentes de l&#8217;ancienne \u00e9cole, ancienne mairie.<\/p>\n\n\n\n<p>A l&#8217;int\u00e9rieur :<\/p>\n\n\n\n<p>Le d\u00e9gagement et la mise en pierres apparentes, des piliers de sout\u00e8nement du clocher, de l&#8217;arc triomphal des murs de la sacristie. La restauration de l&#8217;ensemble des boiseries, le nettoyage et traitement du sol.<\/p>\n\n\n\n<p>La restauration se poursuivra, elle est toujours d&#8217;actualit\u00e9, avec les b\u00e9n\u00e9voles de l&#8217;association qui fera aussi appel \u00e0 des entreprises pour :<\/p>\n\n\n\n<p>La r\u00e9fection du clocher en tuiles verniss\u00e9es, rendue possible, gr\u00e2ce \u00e0 un don des tuileries Blache de Loire sur Rh\u00f4ne<\/p>\n\n\n\n<p>La reprise de la vo\u00fbte ainsi que des murs int\u00e9rieurs de la chapelle.<\/p>\n\n\n\n<p>Le renforcement des sols et vo\u00fbte de cave de l&#8217;ancienne mairie.<\/p>\n\n\n\n<p>La restauration de l&#8217;ensemble des huisseries de la chapelle et autres b\u00e2timents.<\/p>\n\n\n\n<p>La r\u00e9fection de l&#8217;ensemble des toitures de 1991 \u00e0 2011.<\/p>\n\n\n\n<p>Le co\u00fbt de l&#8217;ensemble de ces travaux est assur\u00e9 en majeure partie, plus de 60%, par l&#8217;association, dont les donateurs ont souvent \u00e9t\u00e9 g\u00e9n\u00e9reux, dans le plus grand anonymat, elle multiplie, depuis le d\u00e9but, les animations, expositions, concerts, th\u00e9\u00e2tre, journ\u00e9es portes ouvertes, f\u00eates hier champ\u00eatres et folkloriques, aujourd&#8217;hui, biennale du vent.<\/p>\n\n\n\n<p>Les locaux ne sont pas toujours ouverts, les b\u00e9n\u00e9voles, plus de 25 ans apr\u00e8s, sont certes moins nombreux, mais les lieux vivent et le patrimoine interpelle le promeneur<\/p>\n\n\n\n<p><strong>La chapelle : architecture des lieux<\/strong><\/p>\n\n\n\n<p>L&#8217;ensemble est d&#8217;une grande simplicit\u00e9. L&#8217;\u00e9difice, face au village de St And\u00e9ol, sur un plateau souvent balay\u00e9 par les vents, jouit par temps clair d&#8217;un panorama unique sur les Alpes, le massif du Pilat et les monts du Lyonnais.<\/p>\n\n\n\n<p>Sur la fa\u00e7ade un oculus roman t\u00e9moigne de ses origines, mais sa toiture surhauss\u00e9e au- dessus des ouvertures, indique que de profondes transformations ont eu lieu au xix\u00b0 si\u00e8cle, suite \u00e0 une longue p\u00e9riode d&#8217;abandon, apr\u00e8s la r\u00e9volution.<\/p>\n\n\n\n<p>Le clocher fut probablement, \u00e0 ses origines, en forme de campanile au- dessus de l&#8217;arc triomphal. Edifi\u00e9 en sa forme actuelle, des piliers le supportent \u00e0 l&#8217;int\u00e9rieur. Couvert de tuiles verniss\u00e9es en 1854, puis zingu\u00e9 en 1920, il a retrouv\u00e9 aujourd&#8217;hui sa couverture d&#8217;antan, ainsi que des abat-sons, sa cloche de 1610 l&#8217;habite \u00e0 nouveau.<\/p>\n\n\n\n<p>C\u00f4t\u00e9 nord, un mur d&#8217;enceinte \u00e9difi\u00e9 au XVII\u00b0 si\u00e8cle entoure l&#8217;ancien cimeti\u00e8re, transf\u00e9r\u00e9 au milieu du XIX\u00b0, un peu plus loin, en direction de Givors.<\/p>\n\n\n\n<p>A l&#8217;int\u00e9rieur, la nef vo\u00fbt\u00e9e en berceau bris\u00e9, est s\u00e9par\u00e9e de l&#8217;abside en cul de four par un arc triomphal en plein cintre.<\/p>\n\n\n\n<p>L&#8217;abside semi circulaire est orn\u00e9e de 5 niches sous arcades qui abritaient les statues.<\/p>\n\n\n\n<figure class=\"wp-block-image size-full\"><img loading=\"lazy\" decoding=\"async\" width=\"1003\" height=\"994\" src=\"https:\/\/chapellesaintmartindecornas.fr\/wp-content\/uploads\/2023\/10\/5.webp\" alt=\"\" class=\"wp-image-817\" srcset=\"https:\/\/chapellesaintmartindecornas.fr\/wp-content\/uploads\/2023\/10\/5.webp 1003w, https:\/\/chapellesaintmartindecornas.fr\/wp-content\/uploads\/2023\/10\/5-300x297.webp 300w, https:\/\/chapellesaintmartindecornas.fr\/wp-content\/uploads\/2023\/10\/5-150x150.webp 150w, https:\/\/chapellesaintmartindecornas.fr\/wp-content\/uploads\/2023\/10\/5-768x761.webp 768w\" sizes=\"(max-width: 1003px) 100vw, 1003px\" \/><\/figure>\n\n\n\n<p>L&#8217;association a pu retrouver, une statue de saint Martin, en bois polychrome, du XVII\u00b0 si\u00e8cle, ainsi qu&#8217;une statue de la vierge en bois dor\u00e9. Elles ne sont expos\u00e9es qu&#8217;\u00e0 l&#8217;occasion d&#8217;\u00e9v\u00e9nements exceptionnels , ainsi qu&#8217;une banni\u00e8re de 1788, qui porte sur une face, la repr\u00e9sentation de St Lazare patron de la vall\u00e9e du Gier, et sur l&#8217;autre celle de St Martin.<\/p>\n\n\n\n<figure class=\"wp-block-image size-full\"><img loading=\"lazy\" decoding=\"async\" width=\"680\" height=\"1024\" src=\"https:\/\/chapellesaintmartindecornas.fr\/wp-content\/uploads\/2023\/10\/6.webp\" alt=\"\" class=\"wp-image-818\" srcset=\"https:\/\/chapellesaintmartindecornas.fr\/wp-content\/uploads\/2023\/10\/6.webp 680w, https:\/\/chapellesaintmartindecornas.fr\/wp-content\/uploads\/2023\/10\/6-199x300.webp 199w\" sizes=\"(max-width: 680px) 100vw, 680px\" \/><\/figure>\n\n\n\n<figure class=\"wp-block-table\"><table><tbody><tr><td><\/td><td><\/td><\/tr><\/tbody><\/table><\/figure>\n\n\n\n<p>Des vitraux tr\u00e8s color\u00e9s des ann\u00e9es 50, illustrent les sc\u00e8nes de l&#8217;histoire de saint martin. Une souscription, lanc\u00e9e en 1991, a permis leur restauration par Jean-Jacques Fanjat, peintre verrier lyonnais, d&#8217;apr\u00e8s les croquis d&#8217;origine du p\u00e8re RIB.<\/p>\n\n\n\n<p>Dans la sacristie, la pierre tombale de la famille des seigneurs de Mannevieux comporte des inscriptions dat\u00e9es selon le calendrier r\u00e9volutionnaire. Elles interrogent petits et grands.<\/p>\n\n\n\n<p>La chapelle est sauv\u00e9e,\u2026<\/p>\n\n\n\n<figure class=\"wp-block-image size-full\"><img loading=\"lazy\" decoding=\"async\" width=\"1024\" height=\"683\" src=\"https:\/\/chapellesaintmartindecornas.fr\/wp-content\/uploads\/2023\/10\/7.webp\" alt=\"\" class=\"wp-image-819\" srcset=\"https:\/\/chapellesaintmartindecornas.fr\/wp-content\/uploads\/2023\/10\/7.webp 1024w, https:\/\/chapellesaintmartindecornas.fr\/wp-content\/uploads\/2023\/10\/7-300x200.webp 300w, https:\/\/chapellesaintmartindecornas.fr\/wp-content\/uploads\/2023\/10\/7-768x512.webp 768w, https:\/\/chapellesaintmartindecornas.fr\/wp-content\/uploads\/2023\/10\/7-930x620.webp 930w\" sizes=\"(max-width: 1024px) 100vw, 1024px\" \/><\/figure>\n\n\n\n<p>\u2026 encore faudra-t-il en pr\u00e9server l&#8217;environnement, mais elle ne constitue pas le seul patrimoine de saint martin de cornas. Dans la vall\u00e9e du Gier, en bordure de la 488, le ch\u00e2teau de Mannevieux dont la construction date du XIII\u00b0 si\u00e8cle, est aujourd&#8217;hui, toujours habit\u00e9. Celui de Bassecour, \u00e0 flanc de colline, n&#8217;est plus qu&#8217;une ruine qui menace de totalement s&#8217;\u00e9crouler \u2026<\/p>\n\n\n\n<p><em>Quelques r\u00e9f\u00e9rences&nbsp;:<\/em><\/p>\n\n\n\n<p><em>archives municipales et d\u00e9partementales<\/em><\/p>\n\n\n\n<p><em>T.Ogier \u2013 L.Vignon<\/em><\/p>\n\n\n\n<p><em>Fran\u00e7oise Rollin<\/em><\/p>\n<\/div>\n<\/div>\n<\/div><\/div>\n\n\n\n<p>Article r\u00e9dig\u00e9 par S. FORNENGO en Octobre 2012<\/p>\n\n\n\n<p><\/p>\n\n\n\n<p><\/p>\n","protected":false},"excerpt":{"rendered":"<p>Saint Martin de Cornas et sa chapelle Saint Martin de Cornas, avec sa chapelle qui surplombe la vall\u00e9e encaiss\u00e9e du Gier, fut une commune rurale, de 355ha, \u00e0 l&#8217;habitat tr\u00e8s dispers\u00e9. Sans doute une difficult\u00e9 pour ceux qui peupl\u00e8rent son territoire. Dans le d\u00e9nombrement de la population des villages de l&#8217;\u00e9lection du Lyonnais, r\u00e9alis\u00e9 en&hellip;&nbsp;<a href=\"https:\/\/chapellesaintmartindecornas.fr\/index.php\/about-2\/\" class=\"\" rel=\"bookmark\">Read More &raquo;<span class=\"screen-reader-text\">L&#8217;Histoire<\/span><\/a><\/p>\n","protected":false},"author":2,"featured_media":0,"parent":0,"menu_order":0,"comment_status":"closed","ping_status":"closed","template":"","meta":{"neve_meta_sidebar":"","neve_meta_container":"","neve_meta_enable_content_width":"","neve_meta_content_width":0,"neve_meta_title_alignment":"","neve_meta_author_avatar":"","neve_post_elements_order":"","neve_meta_disable_header":"","neve_meta_disable_footer":"","neve_meta_disable_title":"","footnotes":""},"_links":{"self":[{"href":"https:\/\/chapellesaintmartindecornas.fr\/index.php\/wp-json\/wp\/v2\/pages\/700"}],"collection":[{"href":"https:\/\/chapellesaintmartindecornas.fr\/index.php\/wp-json\/wp\/v2\/pages"}],"about":[{"href":"https:\/\/chapellesaintmartindecornas.fr\/index.php\/wp-json\/wp\/v2\/types\/page"}],"author":[{"embeddable":true,"href":"https:\/\/chapellesaintmartindecornas.fr\/index.php\/wp-json\/wp\/v2\/users\/2"}],"replies":[{"embeddable":true,"href":"https:\/\/chapellesaintmartindecornas.fr\/index.php\/wp-json\/wp\/v2\/comments?post=700"}],"version-history":[{"count":2,"href":"https:\/\/chapellesaintmartindecornas.fr\/index.php\/wp-json\/wp\/v2\/pages\/700\/revisions"}],"predecessor-version":[{"id":820,"href":"https:\/\/chapellesaintmartindecornas.fr\/index.php\/wp-json\/wp\/v2\/pages\/700\/revisions\/820"}],"wp:attachment":[{"href":"https:\/\/chapellesaintmartindecornas.fr\/index.php\/wp-json\/wp\/v2\/media?parent=700"}],"curies":[{"name":"wp","href":"https:\/\/api.w.org\/{rel}","templated":true}]}}